{"id":904,"date":"2024-11-05T19:35:41","date_gmt":"2024-11-05T18:35:41","guid":{"rendered":"https:\/\/arslanlawfirm.com\/?post_type=product&#038;p=904"},"modified":"2024-11-29T00:04:24","modified_gmt":"2024-11-28T23:04:24","slug":"ebook-jak-zatrudnic-cudzoziemca","status":"publish","type":"product","link":"https:\/\/arslanlawfirm.com\/en\/product\/ebook-jak-zatrudnic-cudzoziemca\/","title":{"rendered":"eBook &#8211; Jak zatrudni\u0107 Cudzoziemca?"},"content":{"rendered":"<p>Zastanawiasz si\u0119, <strong>jak zatrudni\u0107 cudzoziemca w Polsce zgodnie z przepisami prawa<\/strong>? Ten eBook to kompleksowy przewodnik, kt\u00f3ry poprowadzi Ci\u0119 krok po kroku przez proces legalizacji zatrudnienia obcokrajowc\u00f3w. Dowiedz si\u0119, jak unikn\u0105\u0107 b\u0142\u0119d\u00f3w, zaoszcz\u0119dzi\u0107 czas i zmniejszy\u0107 ryzyko kar zwi\u0105zanych z nieprawid\u0142owo\u015bciami.<\/p>\n<p><em>Co znajdziesz w eBooku?<\/em><\/p>\n<p>Szczeg\u00f3\u0142owe om\u00f3wienie <strong>formalno\u015bci<\/strong>: pozwolenia, o\u015bwiadczenia, rejestracje.<br \/>\nWskaz\u00f3wki na temat <strong>dokument\u00f3w<\/strong> wymaganych dla obywateli r\u00f3\u017cnych kraj\u00f3w.<br \/>\nPrzyk\u0142ady <strong>rzeczywistych procedur<\/strong>, aby przyspieszy\u0107 proces zatrudnienia.<br \/>\nNajnowsze<strong> zmiany prawne<\/strong> dotycz\u0105ce zatrudniania cudzoziemc\u00f3w w Polsce.<\/p>\n<p><em>Dlaczego warto mie\u0107 ten eBook?<\/em><\/p>\n<p>Dzi\u0119ki naszemu przewodnikowi zyskasz pewno\u015b\u0107, \u017ce proces zatrudnienia cudzoziemca przebiegnie <strong>sprawnie<\/strong> i zgodnie z polskimi przepisami. eBook jest stworzony przez specjalist\u0119 z <strong>wieloletnim do\u015bwiadczeniem<\/strong> w tej dziedzinie, co gwarantuje rzetelno\u015b\u0107 i profesjonalizm porad.<\/p>\n<p><em>Dla kogo jest ten eBook?<\/em><\/p>\n<p>Dla <strong>pracodawc\u00f3w<\/strong> i <strong>przedsi\u0119biorc\u00f3w<\/strong> chc\u0105cych zatrudni\u0107 cudzoziemc\u00f3w.<br \/>\nDla dzia\u0142\u00f3w <strong>HR<\/strong> poszukuj\u0105cych praktycznych wskaz\u00f3wek prawnych.<br \/>\nDla os\u00f3b <strong>zainteresowanych<\/strong> poznaniem aktualnych procedur legalizacji pracy obcokrajowc\u00f3w w Polsce.<\/p>\n<p>Zainwestuj w swoj\u0105 wiedz\u0119 ju\u017c dzi\u015b i pobierz eBook &#8222;Jak zatrudni\u0107 cudzoziemca&#8221;!<\/p>","protected":false},"excerpt":{"rendered":"<p>Dowiedz si\u0119, jak zalegalizowa\u0107 zatrudnienie obcokrajowc\u00f3w, unikn\u0105\u0107 b\u0142\u0119d\u00f3w, zaoszcz\u0119dzi\u0107 czas i zmniejszy\u0107 ryzyko kar zwi\u0105zanych z nieprawid\u0142owo\u015bciami.<\/p>","protected":false},"featured_media":906,"comment_status":"closed","ping_status":"closed","template":"","meta":[],"product_cat":[35],"product_tag":[38,36,37],"class_list":{"0":"post-904","1":"product","2":"type-product","3":"status-publish","4":"has-post-thumbnail","6":"product_cat-ebook","7":"product_tag-cudzoziemcy","8":"product_tag-ebook","9":"product_tag-zatrudnienie","11":"first","12":"instock","13":"downloadable","14":"virtual","15":"sold-individually","16":"taxable","17":"purchasable","18":"product-type-simple"},"aioseo_notices":[],"_links":{"self":[{"href":"https:\/\/arslanlawfirm.com\/en\/wp-json\/wp\/v2\/product\/904","targetHints":{"allow":["GET"]}}],"collection":[{"href":"https:\/\/arslanlawfirm.com\/en\/wp-json\/wp\/v2\/product"}],"about":[{"href":"https:\/\/arslanlawfirm.com\/en\/wp-json\/wp\/v2\/types\/product"}],"replies":[{"embeddable":true,"href":"https:\/\/arslanlawfirm.com\/en\/wp-json\/wp\/v2\/comments?post=904"}],"wp:featuredmedia":[{"embeddable":true,"href":"https:\/\/arslanlawfirm.com\/en\/wp-json\/wp\/v2\/media\/906"}],"wp:attachment":[{"href":"https:\/\/arslanlawfirm.com\/en\/wp-json\/wp\/v2\/media?parent=904"}],"wp:term":[{"taxonomy":"product_cat","embeddable":true,"href":"https:\/\/arslanlawfirm.com\/en\/wp-json\/wp\/v2\/product_cat?post=904"},{"taxonomy":"product_tag","embeddable":true,"href":"https:\/\/arslanlawfirm.com\/en\/wp-json\/wp\/v2\/product_tag?post=904"}],"curies":[{"name":"wp","href":"https:\/\/api.w.org\/{rel}","templated":true}]}}